{"id":3573,"date":"2020-12-07T18:05:01","date_gmt":"2020-12-07T18:05:01","guid":{"rendered":"https:\/\/gpsites.co\/donate\/?page_id=3573"},"modified":"2024-09-13T10:57:27","modified_gmt":"2024-09-13T10:57:27","slug":"home","status":"publish","type":"page","link":"https:\/\/www.protectoraelrefugio.es\/","title":{"rendered":"Home"},"content":{"rendered":"<div class=\"gb-container gb-container-79bb67ca\"><div class=\"gb-inside-container\">\n<div class=\"gb-grid-wrapper gb-grid-wrapper-665898a3\">\n<div class=\"gb-grid-column gb-grid-column-7e1173fb\"><div class=\"gb-container gb-container-7e1173fb\"><div class=\"gb-inside-container\"><\/div><\/div><\/div>\n<\/div>\n<\/div><div class=\"gb-shapes\"><div class=\"gb-shape gb-shape-1\"><svg xmlns=\"http:\/\/www.w3.org\/2000\/svg\" viewBox=\"0 0 1200 194.3\" preserveAspectRatio=\"none\"><path d=\"M1200 133.3l-50 8.9c-50 8.6-150 26.9-250 31.1-100 4.2-200-4.2-300-26.7S400 89.2 300 62.2C200 35.8 100 17.5 50 8.9L0 0v194.3h1200v-61z\"\/><\/svg><\/div><\/div><\/div>\n\n<div class=\"gb-container gb-container-0141c5a1\"><div class=\"gb-inside-container\">\n\n<h1 class=\"gb-headline gb-headline-148f686f\"><span class=\"gb-icon\"><svg viewBox=\"0 0 23.896 21.232\" xmlns=\"http:\/\/www.w3.org\/2000\/svg\"><path d=\"M11.948 21.232c-.398 0-.779-.158-1.061-.439l-8.84-8.84a7.01 7.01 0 010-9.902c2.729-2.729 7.17-2.729 9.9-.001l.025-.024A6.956 6.956 0 0116.898 0h.001c1.87 0 3.628.729 4.949 2.051l.002.002a7.008 7.008 0 01-.002 9.9l-8.84 8.84a1.499 1.499 0 01-1.06.439zm-4.95-18.23a3.99 3.99 0 00-2.829 1.17 4.006 4.006 0 000 5.659l7.779 7.78 7.779-7.78A3.978 3.978 0 0020.9 7.002a3.978 3.978 0 00-1.171-2.829l-.002-.002A3.98 3.98 0 0016.899 3h-.001a3.976 3.976 0 00-2.828 1.171l-.014.013-1.048 1.048c-.562.562-1.559.562-2.121 0l-1.06-1.06a3.992 3.992 0 00-2.829-1.17z\"><\/path><\/svg><\/span><span class=\"gb-headline-text\">\u00bfQUIERES COLABORAR EN NUESTRO PROYECTO?<\/span><\/h1>\n\n<\/div><\/div>\n\n<div class=\"gb-container gb-container-1acd8d85\"><div class=\"gb-inside-container\">\n<div class=\"gb-grid-wrapper gb-grid-wrapper-dead7d5d\">\n<div class=\"gb-grid-column gb-grid-column-922ee0fc\"><div class=\"gb-container gb-container-922ee0fc\"><div class=\"gb-inside-container\"><\/div><\/div><\/div>\n\n<div class=\"gb-grid-column gb-grid-column-3aefe154\"><div class=\"gb-container gb-container-3aefe154\"><div class=\"gb-inside-container\">\n\n<h4 class=\"gb-headline gb-headline-0c3845c5 gb-headline-text\">SE BUSCAN AMIG@S<\/h4>\n\n\n\n<p>Muchos animales pasan a\u00f1os en el refugio y es muy importante sociabilizar \u00bfTe gustar\u00eda venir a pasear? <\/p>\n\n\n\n<a class=\"gb-button gb-button-75ae299d gb-button-text\" href=\"https:\/\/www.protectoraelrefugio.es\/index.php\/colabora\/#amigos\">SABER M\u00c1S<\/a>\n\n<\/div><\/div><\/div>\n\n<div class=\"gb-grid-column gb-grid-column-088f3cf4\"><div class=\"gb-container gb-container-088f3cf4\"><div class=\"gb-inside-container\"><\/div><\/div><\/div>\n\n<div class=\"gb-grid-column gb-grid-column-317b3a12\"><div class=\"gb-container gb-container-317b3a12\"><div class=\"gb-inside-container\">\n\n<h4 class=\"gb-headline gb-headline-36228391 gb-headline-text\">REFORESTANDO<\/h4>\n\n\n\n<p>\u00bfTe gusta la jardiner\u00eda? Participa en el proceso de reforestaci\u00f3n para dar sombra a nuestros perr@s. <\/p>\n\n\n<div class=\"gb-button-wrapper gb-button-wrapper-9caacd30\">\n\n<a class=\"gb-button gb-button-94cb9a9b gb-button-text\" href=\"https:\/\/www.protectoraelrefugio.es\/index.php\/colabora\/#reforestando\">SABER M\u00c1S<\/a>\n\n<\/div>\n<\/div><\/div><\/div>\n<\/div>\n\n<div class=\"gb-grid-wrapper gb-grid-wrapper-6932901e\">\n<div class=\"gb-grid-column gb-grid-column-218eb8b0\"><div class=\"gb-container gb-container-218eb8b0\"><div class=\"gb-inside-container\">\n\n<h4 class=\"gb-headline gb-headline-74042567 gb-headline-text\">PROYECTO CES<\/h4>\n\n\n\n<p>El proyectos CES ya est\u00e1 en marcha en Casas Ib\u00e1\u00f1ez para poder gestionar las colonias felinas. \u00bfQuieres colaborar con ell@s?<\/p>\n\n\n<div class=\"gb-button-wrapper gb-button-wrapper-549ee5db\">\n\n<a class=\"gb-button gb-button-7726785f gb-button-text\" href=\"https:\/\/www.protectoraelrefugio.es\/index.php\/colabora\/#ces\">SABER M\u00c1S<\/a>\n\n<\/div>\n<\/div><\/div><\/div>\n\n<div class=\"gb-grid-column gb-grid-column-96a56b72\"><div class=\"gb-container gb-container-96a56b72\"><div class=\"gb-inside-container\"><\/div><\/div><\/div>\n\n<div class=\"gb-grid-column gb-grid-column-2d665acd\"><div class=\"gb-container gb-container-2d665acd\"><div class=\"gb-inside-container\">\n\n<h4 class=\"gb-headline gb-headline-31d265be gb-headline-text\">BRICO-REFUGIO<\/h4>\n\n\n\n<p>En el albergue siempre hay algo que reparar. Tu pones las manos y nosotros las herramientas.<\/p>\n\n\n<div class=\"gb-button-wrapper gb-button-wrapper-934cc31d\">\n\n<a class=\"gb-button gb-button-d3739256 gb-button-text\" href=\"https:\/\/www.protectoraelrefugio.es\/index.php\/colabora\/#brico\">SABER M\u00c1S<\/a>\n\n<\/div>\n<\/div><\/div><\/div>\n\n<div class=\"gb-grid-column gb-grid-column-b77fc4e7\"><div class=\"gb-container gb-container-b77fc4e7\"><div class=\"gb-inside-container\"><\/div><\/div><\/div>\n<\/div>\n<\/div><div class=\"gb-shapes\"><div class=\"gb-shape gb-shape-1\"><svg xmlns=\"http:\/\/www.w3.org\/2000\/svg\" viewBox=\"0 0 1200 96.2\" preserveAspectRatio=\"none\"><path d=\"M0 96.2h1200V72.9l-50-8.9c-50-8.6-150-26.9-250-22.2C800 46.2 700 72.9 600 64 500 55.4 400 10.4 300 1.8 200-7.1 100 19.5 50 32.9L0 46.2v50z\"\/><\/svg><\/div><div class=\"gb-shape gb-shape-2\"><svg xmlns=\"http:\/\/www.w3.org\/2000\/svg\" viewBox=\"0 0 1200 130.3\" preserveAspectRatio=\"none\"><path d=\"M0 107.9l40-22.2c40-21.9 120-66.9 200-62.2 80 4.4 160 57.8 240 53.3C560 72 640 10.4 720 1.2S880 37 960 59c80 22.3 160 22.3 200 22.3h40v49H0v-22.4z\"\/><\/svg><\/div><\/div><\/div>\n\n<div class=\"gb-container gb-container-13b90939\"><div class=\"gb-inside-container\">\n\n<h1 class=\"gb-headline gb-headline-41f5fcf9\"><span class=\"gb-icon\"><svg xmlns=\"http:\/\/www.w3.org\/2000\/svg\" viewBox=\"0 0 23.896 21.232\"><path d=\"M11.948 21.232c-.398 0-.779-.158-1.061-.439l-8.84-8.84a7.01 7.01 0 010-9.902c2.729-2.729 7.17-2.729 9.9-.001l.025-.024A6.956 6.956 0 0116.898 0h.001c1.87 0 3.628.729 4.949 2.051l.002.002a7.008 7.008 0 01-.002 9.9l-8.84 8.84a1.499 1.499 0 01-1.06.439zm-4.95-18.23a3.99 3.99 0 00-2.829 1.17 4.006 4.006 0 000 5.659l7.779 7.78 7.779-7.78A3.978 3.978 0 0020.9 7.002a3.978 3.978 0 00-1.171-2.829l-.002-.002A3.98 3.98 0 0016.899 3h-.001a3.976 3.976 0 00-2.828 1.171l-.014.013-1.048 1.048c-.562.562-1.559.562-2.121 0l-1.06-1.06a3.992 3.992 0 00-2.829-1.17z\"><\/path><\/svg><\/span><span class=\"gb-headline-text\">Cosas de Casa<\/span><\/h1>\n\n\n\n<h4 class=\"gb-headline gb-headline-99a83096 gb-headline-text\">Historias de nuestros adoptados<\/h4>\n\n\n<style>.wp-show-posts-columns#wpsp-3864 {margin-left: -3em; }.wp-show-posts-columns#wpsp-3864 .wp-show-posts-inner {margin: 0 0 3em 3em; }<\/style><section id=\"wpsp-3864\" class=\" wp-show-posts-columns wp-show-posts\" style=\"\"><article class=\" wp-show-posts-single post-4858 post type-post status-publish format-standard has-post-thumbnail hentry category-adoptados wpsp-col-4\" itemtype=\"http:\/\/schema.org\/CreativeWork\" itemscope><div class=\"wp-show-posts-inner\" style=\"\">\t\t<div class=\"wp-show-posts-image  wpsp-image-center \">\n\t\t\t<a href=\"https:\/\/www.protectoraelrefugio.es\/index.php\/2024\/09\/13\/aslan\/\"  title=\"Aslan\"><img loading=\"lazy\" decoding=\"async\" width=\"700\" height=\"700\" src=\"https:\/\/www.protectoraelrefugio.es\/wp-content\/uploads\/2024\/09\/Aslan.jpg\" class=\"attachment-full size-full wp-post-image\" alt=\"\" itemprop=\"image\" srcset=\"https:\/\/www.protectoraelrefugio.es\/wp-content\/uploads\/2024\/09\/Aslan.jpg 700w, https:\/\/www.protectoraelrefugio.es\/wp-content\/uploads\/2024\/09\/Aslan-300x300.jpg 300w, https:\/\/www.protectoraelrefugio.es\/wp-content\/uploads\/2024\/09\/Aslan-150x150.jpg 150w\" sizes=\"auto, (max-width: 700px) 100vw, 700px\" \/><\/a>\t\t<\/div>\n\t\t\t\t\t\t\t\t<header class=\"wp-show-posts-entry-header\">\n\t\t\t\t\t\t\t<h3 class=\"wp-show-posts-entry-title\" itemprop=\"headline\"><a href=\"https:\/\/www.protectoraelrefugio.es\/index.php\/2024\/09\/13\/aslan\/\" rel=\"bookmark\">Aslan<\/a><\/h3>\t\t\t\t\t\t<\/header><!-- .entry-header -->\n\t\t\t\t\t\t\t\t\t\t\t<div class=\"wp-show-posts-entry-summary\" itemprop=\"text\">\n\t\t\t\t\t\t\t<p>Cuando decidimos acoger a Aslan en pleno inicio de la pand\u00e9mia, peque\u00f1o, con dos meses, simp\u00e1tico y juguet\u00f3n, nunca imaginamos que nos&#8230;<\/p>\n\t\t\t\t\t\t<\/div><!-- .entry-summary -->\n\t\t\t\t\t<div class=\"wpsp-read-more\"><a title=\"Aslan\" class=\"sp-button\" href=\"https:\/\/www.protectoraelrefugio.es\/index.php\/2024\/09\/13\/aslan\/\">Su historia...<\/a><\/div><\/div><!-- wp-show-posts-inner --><\/article><article class=\" wp-show-posts-single post-3862 post type-post status-publish format-standard has-post-thumbnail hentry category-adoptados wpsp-col-4\" itemtype=\"http:\/\/schema.org\/CreativeWork\" itemscope><div class=\"wp-show-posts-inner\" style=\"\">\t\t<div class=\"wp-show-posts-image  wpsp-image-center \">\n\t\t\t<a href=\"https:\/\/www.protectoraelrefugio.es\/index.php\/2020\/12\/09\/greta\/\"  title=\"Greta\"><img loading=\"lazy\" decoding=\"async\" width=\"700\" height=\"700\" src=\"https:\/\/www.protectoraelrefugio.es\/wp-content\/uploads\/2021\/11\/Greta.jpg\" class=\"attachment-full size-full wp-post-image\" alt=\"\" itemprop=\"image\" srcset=\"https:\/\/www.protectoraelrefugio.es\/wp-content\/uploads\/2021\/11\/Greta.jpg 700w, https:\/\/www.protectoraelrefugio.es\/wp-content\/uploads\/2021\/11\/Greta-300x300.jpg 300w, https:\/\/www.protectoraelrefugio.es\/wp-content\/uploads\/2021\/11\/Greta-150x150.jpg 150w\" sizes=\"auto, (max-width: 700px) 100vw, 700px\" \/><\/a>\t\t<\/div>\n\t\t\t\t\t\t\t\t<header class=\"wp-show-posts-entry-header\">\n\t\t\t\t\t\t\t<h3 class=\"wp-show-posts-entry-title\" itemprop=\"headline\"><a href=\"https:\/\/www.protectoraelrefugio.es\/index.php\/2020\/12\/09\/greta\/\" rel=\"bookmark\">Greta<\/a><\/h3>\t\t\t\t\t\t<\/header><!-- .entry-header -->\n\t\t\t\t\t\t\t\t\t\t\t<div class=\"wp-show-posts-entry-summary\" itemprop=\"text\">\n\t\t\t\t\t\t\t<p>Greta empez\u00f3 su vida con nosotros siendo una acogida en 2014. En la protectora pasaba las horas en un rinc\u00f3n por sus&#8230;<\/p>\n\t\t\t\t\t\t<\/div><!-- .entry-summary -->\n\t\t\t\t\t<div class=\"wpsp-read-more\"><a title=\"Greta\" class=\"sp-button\" href=\"https:\/\/www.protectoraelrefugio.es\/index.php\/2020\/12\/09\/greta\/\">Su historia...<\/a><\/div><\/div><!-- wp-show-posts-inner --><\/article><article class=\" wp-show-posts-single post-3860 post type-post status-publish format-standard has-post-thumbnail hentry category-adoptados wpsp-col-4\" itemtype=\"http:\/\/schema.org\/CreativeWork\" itemscope><div class=\"wp-show-posts-inner\" style=\"\">\t\t<div class=\"wp-show-posts-image  wpsp-image-center \">\n\t\t\t<a href=\"https:\/\/www.protectoraelrefugio.es\/index.php\/2020\/12\/09\/zare\/\"  title=\"Zare\"><img loading=\"lazy\" decoding=\"async\" width=\"700\" height=\"700\" src=\"https:\/\/www.protectoraelrefugio.es\/wp-content\/uploads\/2021\/11\/Zare.jpg\" class=\"attachment-full size-full wp-post-image\" alt=\"\" itemprop=\"image\" srcset=\"https:\/\/www.protectoraelrefugio.es\/wp-content\/uploads\/2021\/11\/Zare.jpg 700w, https:\/\/www.protectoraelrefugio.es\/wp-content\/uploads\/2021\/11\/Zare-300x300.jpg 300w, https:\/\/www.protectoraelrefugio.es\/wp-content\/uploads\/2021\/11\/Zare-150x150.jpg 150w\" sizes=\"auto, (max-width: 700px) 100vw, 700px\" \/><\/a>\t\t<\/div>\n\t\t\t\t\t\t\t\t<header class=\"wp-show-posts-entry-header\">\n\t\t\t\t\t\t\t<h3 class=\"wp-show-posts-entry-title\" itemprop=\"headline\"><a href=\"https:\/\/www.protectoraelrefugio.es\/index.php\/2020\/12\/09\/zare\/\" rel=\"bookmark\">Zare<\/a><\/h3>\t\t\t\t\t\t<\/header><!-- .entry-header -->\n\t\t\t\t\t\t\t\t\t\t\t<div class=\"wp-show-posts-entry-summary\" itemprop=\"text\">\n\t\t\t\t\t\t\t<p>Zare lleg\u00f3 al refugio muy enferma, como un descarte m\u00e1s de la caza, positiva en leishmaniosis\u00a0y con su cuerpo destrozado por una&#8230;<\/p>\n\t\t\t\t\t\t<\/div><!-- .entry-summary -->\n\t\t\t\t\t<div class=\"wpsp-read-more\"><a title=\"Zare\" class=\"sp-button\" href=\"https:\/\/www.protectoraelrefugio.es\/index.php\/2020\/12\/09\/zare\/\">Su historia...<\/a><\/div><\/div><!-- wp-show-posts-inner --><\/article><div class=\"wpsp-clear\"><\/div><\/section><!-- .wp-show-posts -->\n\n<\/div><\/div>\n\n<div class=\"gb-container gb-container-ccd8ceab\"><div class=\"gb-inside-container\">\n<div class=\"gb-grid-wrapper gb-grid-wrapper-67a6c2d2\">\n<div class=\"gb-grid-column gb-grid-column-4e44e0a6\"><div class=\"gb-container gb-container-4e44e0a6\"><div class=\"gb-inside-container\">\n\n<h3 class=\"gb-headline gb-headline-31146b9b gb-headline-text\">SE EST\u00c1 MEJOR EN CASA QUE EN NING\u00daN SITIO<\/h3>\n\n\n\n<p class=\"has-white-color has-text-color\">Aunque intentamos darles la mejor vida durante su estancia en el refugio, lo que ellos necesitan es un hogar, formar parte de una familia y ser uno m\u00e1s en la manada. Nuestro objetivo es buscarles ese lugar, donde empezar una nueva etapa.<\/p>\n\n\n\n<p class=\"has-white-color has-text-color\">\u00bfTe gustar\u00eda adoptar? Lo primero de todo es conocerte. Ponte en contacto con nostr@s y ven a visitarnos. Para nosotr@s es muy importante conocer primero a la familia que quiere adoptar, adem\u00e1s podr\u00e1s ver a nuestr@s pelud@s e interactuar con ell@s antes de tomar una decisi\u00f3n.<\/p>\n\n\n\n<p class=\"has-white-color has-text-color\">No olvides que la adopci\u00f3n conlleva una gran responsabilidad y es algo que debes meditar y consultar con toda la familia.<\/p>\n\n<\/div><\/div><\/div>\n<\/div>\n<\/div><div class=\"gb-shapes\"><div class=\"gb-shape gb-shape-1\"><svg xmlns=\"http:\/\/www.w3.org\/2000\/svg\" viewBox=\"0 0 1200 218\" preserveAspectRatio=\"none\"><path d=\"M0 218h1200v-31.3l-40 4.4c-40 4.8-120 13.1-200 0-80-13.6-160-48.6-240-66.7-80-17.8-160-17.8-240-8.8-80 8.6-160 26.9-240 8.8-80-17.7-160-71.1-200-97.7L0 0v218z\"\/><\/svg><\/div><div class=\"gb-shape gb-shape-2\"><svg xmlns=\"http:\/\/www.w3.org\/2000\/svg\" viewBox=\"0 0 1200 218\" preserveAspectRatio=\"none\"><path d=\"M0 218h1200v-31.3l-40 4.4c-40 4.8-120 13.1-200 0-80-13.6-160-48.6-240-66.7-80-17.8-160-17.8-240-8.8-80 8.6-160 26.9-240 8.8-80-17.7-160-71.1-200-97.7L0 0v218z\"\/><\/svg><\/div><\/div><\/div>\n\n<div class=\"gb-container gb-container-493ed995\"><div class=\"gb-inside-container\">\n<div class=\"gb-grid-wrapper gb-grid-wrapper-889ada81\">\n<div class=\"gb-grid-column gb-grid-column-e266ddf5\"><div class=\"gb-container gb-container-e266ddf5\"><div class=\"gb-inside-container\">\n\n<figure class=\"wp-block-image size-large image-style img\"><img loading=\"lazy\" decoding=\"async\" width=\"1024\" height=\"704\" src=\"https:\/\/www.protectoraelrefugio.es\/wp-content\/uploads\/2024\/09\/Web_13-09-2024-1024x704.jpg\" alt=\"\" class=\"wp-image-4841\" srcset=\"https:\/\/www.protectoraelrefugio.es\/wp-content\/uploads\/2024\/09\/Web_13-09-2024-1024x704.jpg 1024w, https:\/\/www.protectoraelrefugio.es\/wp-content\/uploads\/2024\/09\/Web_13-09-2024-300x206.jpg 300w, https:\/\/www.protectoraelrefugio.es\/wp-content\/uploads\/2024\/09\/Web_13-09-2024-768x528.jpg 768w, https:\/\/www.protectoraelrefugio.es\/wp-content\/uploads\/2024\/09\/Web_13-09-2024-1536x1056.jpg 1536w, https:\/\/www.protectoraelrefugio.es\/wp-content\/uploads\/2024\/09\/Web_13-09-2024.jpg 1600w\" sizes=\"auto, (max-width: 1024px) 100vw, 1024px\" \/><\/figure>\n\n<\/div><\/div><\/div>\n\n<div class=\"gb-grid-column gb-grid-column-9a1acb43\"><div class=\"gb-container gb-container-9a1acb43\"><div class=\"gb-inside-container\">\n\n<h2 class=\"gb-headline gb-headline-48a20814\"><span class=\"gb-icon\"><svg viewBox=\"0 0 23.896 21.232\" xmlns=\"http:\/\/www.w3.org\/2000\/svg\"><path d=\"M11.948 21.232c-.398 0-.779-.158-1.061-.439l-8.84-8.84a7.01 7.01 0 010-9.902c2.729-2.729 7.17-2.729 9.9-.001l.025-.024A6.956 6.956 0 0116.898 0h.001c1.87 0 3.628.729 4.949 2.051l.002.002a7.008 7.008 0 01-.002 9.9l-8.84 8.84a1.499 1.499 0 01-1.06.439zm-4.95-18.23a3.99 3.99 0 00-2.829 1.17 4.006 4.006 0 000 5.659l7.779 7.78 7.779-7.78A3.978 3.978 0 0020.9 7.002a3.978 3.978 0 00-1.171-2.829l-.002-.002A3.98 3.98 0 0016.899 3h-.001a3.976 3.976 0 00-2.828 1.171l-.014.013-1.048 1.048c-.562.562-1.559.562-2.121 0l-1.06-1.06a3.992 3.992 0 00-2.829-1.17z\"><\/path><\/svg><\/span><span class=\"gb-headline-text\">\u00bfQuieres hacernos un donativo?<\/span><\/h2>\n\n\n\n<p class=\"gb-headline gb-headline-63eda875 gb-headline-text\">Es complicado sacar tiempo del d\u00eda a d\u00eda para visitar la protectora y poder ayudarnos. Puedes realizar un donativo a cualquier de nuestros proyectos, piensa que siempre hay alg\u00fan material que comprar, adem\u00e1s de comida, productos de limpieza y gastos veterinarios.<\/p>\n\n\n\n<p class=\"gb-headline gb-headline-97ef2c0a gb-headline-text\">Si te apetece donarnos alg\u00fan producto en concreto para ell@s, puedes revisar nuestra lista de la compra y llevarlos al albergue.<\/p>\n\n\n<div class=\"gb-button-wrapper gb-button-wrapper-a8d7cf5f\">\n\n<a class=\"gb-button gb-button-18b53be9 gb-button-text\" href=\"https:\/\/www.protectoraelrefugio.es\/index.php\/donativos\">Donativos<\/a>\n\n<\/div>\n<\/div><\/div><\/div>\n<\/div>\n<\/div><\/div>\n\n\n<p><\/p>\n","protected":false},"excerpt":{"rendered":"<p>\u00bfQUIERES COLABORAR EN NUESTRO PROYECTO? Cosas de Casa Historias de nuestros adoptados<\/p>\n","protected":false},"author":1,"featured_media":0,"parent":0,"menu_order":0,"comment_status":"closed","ping_status":"closed","template":"","meta":{"footnotes":""},"class_list":["post-3573","page","type-page","status-publish","hentry","generate-columns","tablet-grid-50","mobile-grid-100","grid-parent","grid-50"],"_links":{"self":[{"href":"https:\/\/www.protectoraelrefugio.es\/index.php\/wp-json\/wp\/v2\/pages\/3573","targetHints":{"allow":["GET"]}}],"collection":[{"href":"https:\/\/www.protectoraelrefugio.es\/index.php\/wp-json\/wp\/v2\/pages"}],"about":[{"href":"https:\/\/www.protectoraelrefugio.es\/index.php\/wp-json\/wp\/v2\/types\/page"}],"author":[{"embeddable":true,"href":"https:\/\/www.protectoraelrefugio.es\/index.php\/wp-json\/wp\/v2\/users\/1"}],"replies":[{"embeddable":true,"href":"https:\/\/www.protectoraelrefugio.es\/index.php\/wp-json\/wp\/v2\/comments?post=3573"}],"version-history":[{"count":41,"href":"https:\/\/www.protectoraelrefugio.es\/index.php\/wp-json\/wp\/v2\/pages\/3573\/revisions"}],"predecessor-version":[{"id":4851,"href":"https:\/\/www.protectoraelrefugio.es\/index.php\/wp-json\/wp\/v2\/pages\/3573\/revisions\/4851"}],"wp:attachment":[{"href":"https:\/\/www.protectoraelrefugio.es\/index.php\/wp-json\/wp\/v2\/media?parent=3573"}],"curies":[{"name":"wp","href":"https:\/\/api.w.org\/{rel}","templated":true}]}}