{"id":3575,"date":"2020-12-07T18:05:20","date_gmt":"2020-12-07T18:05:20","guid":{"rendered":"https:\/\/gpsites.co\/donate\/?page_id=3575"},"modified":"2021-11-15T18:55:53","modified_gmt":"2021-11-15T18:55:53","slug":"nosotros","status":"publish","type":"page","link":"https:\/\/www.protectoraelrefugio.es\/index.php\/nosotros\/","title":{"rendered":"Nosotros"},"content":{"rendered":"\n<h1 class=\"gb-headline gb-headline-aa495a64 gb-headline-text gb-headline-52dbe47e gb-headline-f55e21fc\">con\u00f3cenos<\/h1>\n\n\n\n<h2 class=\"gb-headline gb-headline-d714c26f gb-headline-52dbe47e gb-headline-f55e21fc\"><span class=\"gb-icon\"><svg xmlns=\"http:\/\/www.w3.org\/2000\/svg\" viewBox=\"0 0 23.896 21.232\"><path d=\"M11.948 21.232c-.398 0-.779-.158-1.061-.439l-8.84-8.84a7.01 7.01 0 010-9.902c2.729-2.729 7.17-2.729 9.9-.001l.025-.024A6.956 6.956 0 0116.898 0h.001c1.87 0 3.628.729 4.949 2.051l.002.002a7.008 7.008 0 01-.002 9.9l-8.84 8.84a1.499 1.499 0 01-1.06.439zm-4.95-18.23a3.99 3.99 0 00-2.829 1.17 4.006 4.006 0 000 5.659l7.779 7.78 7.779-7.78A3.978 3.978 0 0020.9 7.002a3.978 3.978 0 00-1.171-2.829l-.002-.002A3.98 3.98 0 0016.899 3h-.001a3.976 3.976 0 00-2.828 1.171l-.014.013-1.048 1.048c-.562.562-1.559.562-2.121 0l-1.06-1.06a3.992 3.992 0 00-2.829-1.17z\"><\/path><\/svg><\/span><span class=\"gb-headline-text\"><strong>El Refugio Casas Ib\u00e1\u00f1ez<\/strong><\/span><\/h2>\n\n\n<div class=\"gb-container gb-container-8d8a39cf\"><div class=\"gb-inside-container\">\n<div class=\"gb-grid-wrapper gb-grid-wrapper-0e35b946\">\n<div class=\"gb-grid-column gb-grid-column-fab78e7d\"><div class=\"gb-container gb-container-fab78e7d\"><div class=\"gb-inside-container\">\n\n<h2 class=\"gb-headline gb-headline-2e0f032a gb-headline-text\">Nuestros comienzos&#8230;<\/h2>\n\n\n\n<p>En el a\u00f1o 2005, un grupo de vecinas de Casas Ib\u00e1\u00f1ez se decidieron a acabar con la hasta entonces perrera, donde simplemente se recog\u00edan y sacrificaban los animales encontrados, para as\u00ed poder dar salida y una vida mejor a los animales abandonados del pueblo.<\/p>\n\n\n\n<p>Los primeros a\u00f1os, siempre dif\u00edciles, con mas ilusi\u00f3n que medios, se hicieron contactos con organizaciones extranjeras para encontrar un hogar para los perros. La entrada de animales era y es constante y no hay suficientes adopciones en Espa\u00f1a. Aunque cont\u00e1bamos con las antiguas instalaciones de la perrera, estas eran fr\u00edas e insuficientes, por lo que se busco un nuevo espacio para ellos y en cuanto tuvimos ocasi\u00f3n, realizamos un proyecto para unas nuevas instalaciones.<\/p>\n\n<\/div><\/div><\/div>\n\n<div class=\"gb-grid-column gb-grid-column-97ddc147\"><div class=\"gb-container gb-container-97ddc147\"><div class=\"gb-inside-container\">\n\n<figure class=\"wp-block-image size-large image-style img\"><img loading=\"lazy\" decoding=\"async\" width=\"1024\" height=\"683\" src=\"https:\/\/www.protectoraelrefugio.es\/wp-content\/uploads\/2021\/11\/Refugio_Viejo-1024x683.jpg\" alt=\"\" class=\"wp-image-4657\" srcset=\"https:\/\/www.protectoraelrefugio.es\/wp-content\/uploads\/2021\/11\/Refugio_Viejo-1024x683.jpg 1024w, https:\/\/www.protectoraelrefugio.es\/wp-content\/uploads\/2021\/11\/Refugio_Viejo-300x200.jpg 300w, https:\/\/www.protectoraelrefugio.es\/wp-content\/uploads\/2021\/11\/Refugio_Viejo-768x512.jpg 768w, https:\/\/www.protectoraelrefugio.es\/wp-content\/uploads\/2021\/11\/Refugio_Viejo.jpg 1434w\" sizes=\"auto, (max-width: 1024px) 100vw, 1024px\" \/><\/figure>\n\n<\/div><\/div><\/div>\n<\/div>\n<\/div><\/div>\n\n<div class=\"gb-container gb-container-5ab7a396\"><div class=\"gb-inside-container\">\n<div class=\"gb-grid-wrapper gb-grid-wrapper-8c409e83\">\n<div class=\"gb-grid-column gb-grid-column-68b8a67a\"><div class=\"gb-container gb-container-68b8a67a\"><div class=\"gb-inside-container\">\n\n<h3 class=\"gb-headline gb-headline-48dc581d gb-headline-text\">Nuevas Instalaciones<\/h3>\n\n\n\n<p class=\"gb-headline gb-headline-19a422a9\"><span class=\"gb-icon\"><svg aria-hidden=\"true\" height=\"1em\" width=\"1em\" viewBox=\"0 0 512 512\" xmlns=\"http:\/\/www.w3.org\/2000\/svg\"><path fill=\"currentColor\" d=\"M256 8C119.033 8 8 119.033 8 256s111.033 248 248 248 248-111.033 248-248S392.967 8 256 8zm0 48c110.532 0 200 89.451 200 200 0 110.532-89.451 200-200 200-110.532 0-200-89.451-200-200 0-110.532 89.451-200 200-200m140.204 130.267l-22.536-22.718c-4.667-4.705-12.265-4.736-16.97-.068L215.346 303.697l-59.792-60.277c-4.667-4.705-12.265-4.736-16.97-.069l-22.719 22.536c-4.705 4.667-4.736 12.265-.068 16.971l90.781 91.516c4.667 4.705 12.265 4.736 16.97.068l172.589-171.204c4.704-4.668 4.734-12.266.067-16.971z\"><\/path><\/svg><\/span><span class=\"gb-headline-text\">Acceso a zonas de recreo<\/span><\/p>\n\n\n\n<p class=\"gb-headline gb-headline-1186cbcb\"><span class=\"gb-icon\"><svg aria-hidden=\"true\" height=\"1em\" width=\"1em\" viewBox=\"0 0 512 512\" xmlns=\"http:\/\/www.w3.org\/2000\/svg\"><path fill=\"currentColor\" d=\"M256 8C119.033 8 8 119.033 8 256s111.033 248 248 248 248-111.033 248-248S392.967 8 256 8zm0 48c110.532 0 200 89.451 200 200 0 110.532-89.451 200-200 200-110.532 0-200-89.451-200-200 0-110.532 89.451-200 200-200m140.204 130.267l-22.536-22.718c-4.667-4.705-12.265-4.736-16.97-.068L215.346 303.697l-59.792-60.277c-4.667-4.705-12.265-4.736-16.97-.069l-22.719 22.536c-4.705 4.667-4.736 12.265-.068 16.971l90.781 91.516c4.667 4.705 12.265 4.736 16.97.068l172.589-171.204c4.704-4.668 4.734-12.266.067-16.971z\"><\/path><\/svg><\/span><span class=\"gb-headline-text\">Amplios espacios<\/span><\/p>\n\n\n\n<p class=\"gb-headline gb-headline-b4b61865\"><span class=\"gb-icon\"><svg aria-hidden=\"true\" height=\"1em\" width=\"1em\" viewBox=\"0 0 512 512\" xmlns=\"http:\/\/www.w3.org\/2000\/svg\"><path fill=\"currentColor\" d=\"M256 8C119.033 8 8 119.033 8 256s111.033 248 248 248 248-111.033 248-248S392.967 8 256 8zm0 48c110.532 0 200 89.451 200 200 0 110.532-89.451 200-200 200-110.532 0-200-89.451-200-200 0-110.532 89.451-200 200-200m140.204 130.267l-22.536-22.718c-4.667-4.705-12.265-4.736-16.97-.068L215.346 303.697l-59.792-60.277c-4.667-4.705-12.265-4.736-16.97-.069l-22.719 22.536c-4.705 4.667-4.736 12.265-.068 16.971l90.781 91.516c4.667 4.705 12.265 4.736 16.97.068l172.589-171.204c4.704-4.668 4.734-12.266.067-16.971z\"><\/path><\/svg><\/span><span class=\"gb-headline-text\">Zonas verdes<\/span><\/p>\n\n\n\n<p class=\"gb-headline gb-headline-96e23801\"><span class=\"gb-icon\"><svg aria-hidden=\"true\" height=\"1em\" width=\"1em\" viewBox=\"0 0 512 512\" xmlns=\"http:\/\/www.w3.org\/2000\/svg\"><path fill=\"currentColor\" d=\"M256 8C119.033 8 8 119.033 8 256s111.033 248 248 248 248-111.033 248-248S392.967 8 256 8zm0 48c110.532 0 200 89.451 200 200 0 110.532-89.451 200-200 200-110.532 0-200-89.451-200-200 0-110.532 89.451-200 200-200m140.204 130.267l-22.536-22.718c-4.667-4.705-12.265-4.736-16.97-.068L215.346 303.697l-59.792-60.277c-4.667-4.705-12.265-4.736-16.97-.069l-22.719 22.536c-4.705 4.667-4.736 12.265-.068 16.971l90.781 91.516c4.667 4.705 12.265 4.736 16.97.068l172.589-171.204c4.704-4.668 4.734-12.266.067-16.971z\"><\/path><\/svg><\/span><span class=\"gb-headline-text\">Protecci\u00f3n en invierno y verano<\/span><\/p>\n\n<\/div><\/div><\/div>\n<\/div>\n<\/div><div class=\"gb-shapes\"><div class=\"gb-shape gb-shape-1\"><svg xmlns=\"http:\/\/www.w3.org\/2000\/svg\" viewBox=\"0 0 1200 218\" preserveAspectRatio=\"none\"><path d=\"M0 218h1200v-31.3l-40 4.4c-40 4.8-120 13.1-200 0-80-13.6-160-48.6-240-66.7-80-17.8-160-17.8-240-8.8-80 8.6-160 26.9-240 8.8-80-17.7-160-71.1-200-97.7L0 0v218z\"\/><\/svg><\/div><div class=\"gb-shape gb-shape-2\"><svg xmlns=\"http:\/\/www.w3.org\/2000\/svg\" viewBox=\"0 0 1200 218\" preserveAspectRatio=\"none\"><path d=\"M0 218h1200v-31.3l-40 4.4c-40 4.8-120 13.1-200 0-80-13.6-160-48.6-240-66.7-80-17.8-160-17.8-240-8.8-80 8.6-160 26.9-240 8.8-80-17.7-160-71.1-200-97.7L0 0v218z\"\/><\/svg><\/div><\/div><\/div>\n\n<div class=\"gb-container gb-container-3b6f34b5\"><div class=\"gb-inside-container\">\n<div class=\"gb-grid-wrapper gb-grid-wrapper-1a1b512f\">\n<div class=\"gb-grid-column gb-grid-column-35db8959\"><div class=\"gb-container gb-container-35db8959\"><div class=\"gb-inside-container\">\n\n<figure class=\"wp-block-image size-large image-style img\"><img loading=\"lazy\" decoding=\"async\" width=\"1024\" height=\"681\" src=\"https:\/\/www.protectoraelrefugio.es\/wp-content\/uploads\/2021\/11\/Refugio_Nuevo-1024x681.jpg\" alt=\"\" class=\"wp-image-4672\" srcset=\"https:\/\/www.protectoraelrefugio.es\/wp-content\/uploads\/2021\/11\/Refugio_Nuevo-1024x681.jpg 1024w, https:\/\/www.protectoraelrefugio.es\/wp-content\/uploads\/2021\/11\/Refugio_Nuevo-300x199.jpg 300w, https:\/\/www.protectoraelrefugio.es\/wp-content\/uploads\/2021\/11\/Refugio_Nuevo-768x511.jpg 768w, https:\/\/www.protectoraelrefugio.es\/wp-content\/uploads\/2021\/11\/Refugio_Nuevo-1536x1021.jpg 1536w, https:\/\/www.protectoraelrefugio.es\/wp-content\/uploads\/2021\/11\/Refugio_Nuevo-2048x1362.jpg 2048w\" sizes=\"auto, (max-width: 1024px) 100vw, 1024px\" \/><\/figure>\n\n<\/div><\/div><\/div>\n\n<div class=\"gb-grid-column gb-grid-column-e8dadb17\"><div class=\"gb-container gb-container-e8dadb17\"><div class=\"gb-inside-container\">\n\n<h2 class=\"gb-headline gb-headline-c952e200 gb-headline-text\">Ladrando por ell@s<\/h2>\n\n\n\n<p>Desde el primer momento hay un contacto directo con una organizaci\u00f3n llamada con el mismo nombre, que es la encargada de encontrar familias en Alemania. Y muchas otras organizaciones repartidas en Alemania y Francia. En Espa\u00f1a intentamos fomentar la adopci\u00f3n,porque es mucho menor el n\u00famero de hogares encontrados aqu\u00ed para nuestros perros.<\/p>\n\n\n\n<p>Hasta que llega el momento de un nuevo hogar, hacemos todo lo posible para que se sientan como en una casa, con mucho cari\u00f1o, paciencia y todas las atenciones necesarias. Estamos en constante ampliaci\u00f3n y reparaciones para que vivan lo mejor posible.<\/p>\n\n<\/div><\/div><\/div>\n<\/div>\n<\/div><\/div>\n\n<div class=\"gb-container gb-container-9540d030\"><div class=\"gb-inside-container\">\n\n<h2 class=\"gb-headline gb-headline-eb2aa00d\"><span class=\"gb-icon\"><svg xmlns=\"http:\/\/www.w3.org\/2000\/svg\" viewBox=\"0 0 23.896 21.232\"><path d=\"M11.948 21.232c-.398 0-.779-.158-1.061-.439l-8.84-8.84a7.01 7.01 0 010-9.902c2.729-2.729 7.17-2.729 9.9-.001l.025-.024A6.956 6.956 0 0116.898 0h.001c1.87 0 3.628.729 4.949 2.051l.002.002a7.008 7.008 0 01-.002 9.9l-8.84 8.84a1.499 1.499 0 01-1.06.439zm-4.95-18.23a3.99 3.99 0 00-2.829 1.17 4.006 4.006 0 000 5.659l7.779 7.78 7.779-7.78A3.978 3.978 0 0020.9 7.002a3.978 3.978 0 00-1.171-2.829l-.002-.002A3.98 3.98 0 0016.899 3h-.001a3.976 3.976 0 00-2.828 1.171l-.014.013-1.048 1.048c-.562.562-1.559.562-2.121 0l-1.06-1.06a3.992 3.992 0 00-2.829-1.17z\"><\/path><\/svg><\/span><span class=\"gb-headline-text\">\u00bfCuantos pelud@s solemos tener?<\/span><\/h2>\n\n\n<div class=\"gb-grid-wrapper gb-grid-wrapper-fb1deca0\">\n<div class=\"gb-grid-column gb-grid-column-9042ed9c\"><div class=\"gb-container gb-container-9042ed9c\"><div class=\"gb-inside-container\">\n\n<p class=\"gb-headline gb-headline-c4e85c47 gb-headline-text\">12<\/p>\n\n\n\n<p class=\"gb-headline gb-headline-a8804ebe gb-headline-text\">Animales viven de por vida en nuestras instalaciones debido a su dif\u00edcil adopci\u00f3n<\/p>\n\n<\/div><\/div><\/div>\n\n<div class=\"gb-grid-column gb-grid-column-866f82c3\"><div class=\"gb-container gb-container-866f82c3\"><div class=\"gb-inside-container\">\n\n<p class=\"gb-headline gb-headline-1b5c662f gb-headline-text\">60<\/p>\n\n\n\n<p class=\"gb-headline gb-headline-808e13eb gb-headline-text\">Es una cifra aproximada de los animales que solemos tener en las instalaciones<\/p>\n\n<\/div><\/div><\/div>\n\n<div class=\"gb-grid-column gb-grid-column-90f36c49\"><div class=\"gb-container gb-container-90f36c49\"><div class=\"gb-inside-container\">\n\n<p class=\"gb-headline gb-headline-7cd353c8 gb-headline-text\">80<\/p>\n\n\n\n<p class=\"gb-headline gb-headline-75994f68 gb-headline-text\">Es la media de animales que suelen entrar anualmente en nuestras instalaciones<\/p>\n\n<\/div><\/div><\/div>\n<\/div>\n<\/div><\/div>\n\n\n<p><\/p>\n","protected":false},"excerpt":{"rendered":"<p>con\u00f3cenos El Refugio Casas Ib\u00e1\u00f1ez \u00bfCuantos pelud@s solemos tener?<\/p>\n","protected":false},"author":1,"featured_media":0,"parent":0,"menu_order":0,"comment_status":"closed","ping_status":"closed","template":"","meta":{"footnotes":""},"class_list":["post-3575","page","type-page","status-publish"],"_links":{"self":[{"href":"https:\/\/www.protectoraelrefugio.es\/index.php\/wp-json\/wp\/v2\/pages\/3575","targetHints":{"allow":["GET"]}}],"collection":[{"href":"https:\/\/www.protectoraelrefugio.es\/index.php\/wp-json\/wp\/v2\/pages"}],"about":[{"href":"https:\/\/www.protectoraelrefugio.es\/index.php\/wp-json\/wp\/v2\/types\/page"}],"author":[{"embeddable":true,"href":"https:\/\/www.protectoraelrefugio.es\/index.php\/wp-json\/wp\/v2\/users\/1"}],"replies":[{"embeddable":true,"href":"https:\/\/www.protectoraelrefugio.es\/index.php\/wp-json\/wp\/v2\/comments?post=3575"}],"version-history":[{"count":20,"href":"https:\/\/www.protectoraelrefugio.es\/index.php\/wp-json\/wp\/v2\/pages\/3575\/revisions"}],"predecessor-version":[{"id":4799,"href":"https:\/\/www.protectoraelrefugio.es\/index.php\/wp-json\/wp\/v2\/pages\/3575\/revisions\/4799"}],"wp:attachment":[{"href":"https:\/\/www.protectoraelrefugio.es\/index.php\/wp-json\/wp\/v2\/media?parent=3575"}],"curies":[{"name":"wp","href":"https:\/\/api.w.org\/{rel}","templated":true}]}}