{"id":3577,"date":"2020-12-07T18:05:38","date_gmt":"2020-12-07T18:05:38","guid":{"rendered":"https:\/\/gpsites.co\/donate\/?page_id=3577"},"modified":"2024-09-13T11:07:43","modified_gmt":"2024-09-13T11:07:43","slug":"colabora","status":"publish","type":"page","link":"https:\/\/www.protectoraelrefugio.es\/index.php\/colabora\/","title":{"rendered":"Colabora"},"content":{"rendered":"<div class=\"gb-grid-wrapper gb-grid-wrapper-e766c160\">\n<div class=\"gb-grid-column gb-grid-column-69bc31b4\"><div class=\"gb-container gb-container-69bc31b4\"><div class=\"gb-inside-container\">\n\n<h1 class=\"gb-headline gb-headline-fb741bcb gb-headline-text\">colabora<\/h1>\n\n<\/div><\/div><\/div>\n<\/div>\n\n<div class=\"gb-container gb-container-2113b12c\"><div class=\"gb-inside-container\">\n\n<h2 class=\"gb-headline gb-headline-f55e21fc\"><span class=\"gb-icon\"><svg xmlns=\"http:\/\/www.w3.org\/2000\/svg\" viewBox=\"0 0 23.896 21.232\"><path d=\"M11.948 21.232c-.398 0-.779-.158-1.061-.439l-8.84-8.84a7.01 7.01 0 010-9.902c2.729-2.729 7.17-2.729 9.9-.001l.025-.024A6.956 6.956 0 0116.898 0h.001c1.87 0 3.628.729 4.949 2.051l.002.002a7.008 7.008 0 01-.002 9.9l-8.84 8.84a1.499 1.499 0 01-1.06.439zm-4.95-18.23a3.99 3.99 0 00-2.829 1.17 4.006 4.006 0 000 5.659l7.779 7.78 7.779-7.78A3.978 3.978 0 0020.9 7.002a3.978 3.978 0 00-1.171-2.829l-.002-.002A3.98 3.98 0 0016.899 3h-.001a3.976 3.976 0 00-2.828 1.171l-.014.013-1.048 1.048c-.562.562-1.559.562-2.121 0l-1.06-1.06a3.992 3.992 0 00-2.829-1.17z\"><\/path><\/svg><\/span><span class=\"gb-headline-text\"><strong>\u00bfQuieres ayudarnos?<\/strong><\/span><\/h2>\n\n\n<div class=\"gb-grid-wrapper gb-grid-wrapper-294028ed\">\n<div class=\"gb-grid-column gb-grid-column-17e70888\"><div class=\"gb-container gb-container-17e70888\"><div class=\"gb-inside-container\">\n\n<h4 class=\"gb-headline gb-headline-a04c0e3d gb-headline-text\" id=\"amigos\">Buscamos Amig@s <\/h4>\n\n\n\n<p>Sabemos, por desgracia, que algunos de nuestros animales pasar\u00e1n a\u00f1os en el refugio o incluso vivir\u00e1n all\u00ed para siempre. Buscamos a personas que quieran jugar y pasear con ell@s. Es muy importante que alguien rompa con su soledad y les devuelva la confianza en los seres humanos.<\/p>\n\n\n\n<p>Para poder pasear, primero ten\u00e9is que conocer a los perr@s en una o varias visitas, dependiendo del perr@ m\u00e1s indicado para vosotr@s. Las visitas ser realizan bajo cita previa. Si est\u00e1s interesad@ ll\u00e1manos al 648 08 26 08 de 10:00 a 14:00 o escr\u00edbenos a nuestro correo info@protectoraelrefugio.es<\/p>\n\n\n<div class=\"gb-button-wrapper gb-button-wrapper-8ef05153\">\n\n<a class=\"gb-button gb-button-51d9103a gb-button-text\" href=\"https:\/\/www.protectoraelrefugio.es\/index.php\/contact\/\">Contactar<\/a>\n\n<\/div>\n<\/div><\/div><\/div>\n\n<div class=\"gb-grid-column gb-grid-column-55be77ab\"><div class=\"gb-container gb-container-55be77ab\"><div class=\"gb-inside-container\">\n\n<h4 class=\"gb-headline gb-headline-3ec741ec gb-headline-text\" id=\"reforestando\">Reforestando<\/h4>\n\n\n\n<p>El Refugio se encuentra ubicado en un parcela que ocupa una extensi\u00f3n de alrededor de 1 hect\u00e1rea. Tras la construcci\u00f3n del albergue, debemos proceder a reforestar la zonas no construidas en al menos un 75% del terreno. Esta reforestaci\u00f3n se lleva a cabo con especies aut\u00f3ctonas de La Manchuela.<\/p>\n\n\n\n<p>Nuestra escasez de medios hace que este proceso sea muy lento y por lo tanto, nuestros animales no dispongan de todas las sombras que necesitan. Si quieres ayudarnos puedes hacerlo regal\u00e1ndonos un \u00e1rbol o ayud\u00e1ndonos en las tareas de jardiner\u00eda para su mantenimiento.<\/p>\n\n\n<div class=\"gb-button-wrapper gb-button-wrapper-b19db97c\">\n\n<a class=\"gb-button gb-button-fa487170 gb-button-text\" href=\"https:\/\/www.protectoraelrefugio.es\/index.php\/contact\/\">Contactar<\/a>\n\n<\/div>\n<\/div><\/div><\/div>\n\n<div class=\"gb-grid-column gb-grid-column-ccaada99\"><div class=\"gb-container gb-container-ccaada99\"><div class=\"gb-inside-container\">\n\n<h4 class=\"gb-headline gb-headline-4688a2d3 gb-headline-text\" id=\"ces\"><strong><strong>Proyecto CES<\/strong><\/strong><\/h4>\n\n\n\n<p>El proyecto CES ya est\u00e1 en marcha en Casas Ib\u00e1\u00f1ez si est\u00e1s interesad@ y quieres colaborar, puedes mandarnos tus datos de contacto a nuestro correo info@protecotraelrefugio.es<\/p>\n\n\n\n<p>CES son las siglas de CAPTURAR, ESTERILIZAR Y SOLTAR, es decir, consiste en el control de las colonias de gatos callejeros castrando a los animales para evitar la cr\u00eda incontrolada. Adem\u00e1s, de buscar hogar a aquellos cachorros y gatos dom\u00e9sticos que est\u00e1n ahora en la calle sufriendo el abandono.<\/p>\n\n\n<div class=\"gb-button-wrapper gb-button-wrapper-a79bf083\">\n\n<a class=\"gb-button gb-button-2cf695e0 gb-button-text\" href=\"https:\/\/www.protectoraelrefugio.es\/index.php\/contact\/\">Contactar<\/a>\n\n<\/div>\n<\/div><\/div><\/div>\n\n<div class=\"gb-grid-column gb-grid-column-8b1e5ab7\"><div class=\"gb-container gb-container-8b1e5ab7\"><div class=\"gb-inside-container\">\n\n<h4 class=\"gb-headline gb-headline-852eec1b gb-headline-text\" id=\"brico\">Brico-Refugio<\/h4>\n\n\n\n<p>Una de las principales tareas que se realizan en nuestro refugio es el mantenimiento. Contamos contigo si te gusta el bricolaje y tienes nociones b\u00e1sicas.<\/p>\n\n\n\n<p>Nosotr@s nos encargamos del material y tu a\u00f1ades tiempo y conocimientos para terminar los proyectos. Del mismo modo, si lo tuyo es la jardiner\u00eda tambi\u00e9n puedes ayudarnos a regar nuestros \u00e1rboles y colaborar en sus cuidados. Adem\u00e1s, si cuentas con un tractor siempre hay hierbas que labrar en la parcela, nososotr@s pagamos el combustible y tu pones tu tiempo.<\/p>\n\n\n<div class=\"gb-button-wrapper gb-button-wrapper-16f8882d\">\n\n<a class=\"gb-button gb-button-6e2ca185 gb-button-text\" href=\"https:\/\/www.protectoraelrefugio.es\/index.php\/contact\/\">Contactar<\/a>\n\n<\/div>\n<\/div><\/div><\/div>\n<\/div>\n<\/div><\/div>\n\n<div class=\"gb-container gb-container-9fe8ce86\"><div class=\"gb-inside-container\">\n<div class=\"gb-grid-wrapper gb-grid-wrapper-dc1c4d07\">\n<div class=\"gb-grid-column gb-grid-column-96f29275\"><div class=\"gb-container gb-container-96f29275\"><div class=\"gb-inside-container\">\n\n<h3 class=\"gb-headline gb-headline-c4c6c3d3 gb-headline-text\">Buscamos amig@s<\/h3>\n\n\n\n<p class=\"gb-headline gb-headline-eaa6f670\"><span class=\"gb-icon\"><svg aria-hidden=\"true\" height=\"1em\" width=\"1em\" viewBox=\"0 0 512 512\" xmlns=\"http:\/\/www.w3.org\/2000\/svg\"><path fill=\"currentColor\" d=\"M256 8C119.033 8 8 119.033 8 256s111.033 248 248 248 248-111.033 248-248S392.967 8 256 8zm0 48c110.532 0 200 89.451 200 200 0 110.532-89.451 200-200 200-110.532 0-200-89.451-200-200 0-110.532 89.451-200 200-200m140.204 130.267l-22.536-22.718c-4.667-4.705-12.265-4.736-16.97-.068L215.346 303.697l-59.792-60.277c-4.667-4.705-12.265-4.736-16.97-.069l-22.719 22.536c-4.705 4.667-4.736 12.265-.068 16.971l90.781 91.516c4.667 4.705 12.265 4.736 16.97.068l172.589-171.204c4.704-4.668 4.734-12.266.067-16.971z\"><\/path><\/svg><\/span><span class=\"gb-headline-text\">Pasear<\/span><\/p>\n\n\n\n<p class=\"gb-headline gb-headline-171f4df9\"><span class=\"gb-icon\"><svg aria-hidden=\"true\" height=\"1em\" width=\"1em\" viewBox=\"0 0 512 512\" xmlns=\"http:\/\/www.w3.org\/2000\/svg\"><path fill=\"currentColor\" d=\"M256 8C119.033 8 8 119.033 8 256s111.033 248 248 248 248-111.033 248-248S392.967 8 256 8zm0 48c110.532 0 200 89.451 200 200 0 110.532-89.451 200-200 200-110.532 0-200-89.451-200-200 0-110.532 89.451-200 200-200m140.204 130.267l-22.536-22.718c-4.667-4.705-12.265-4.736-16.97-.068L215.346 303.697l-59.792-60.277c-4.667-4.705-12.265-4.736-16.97-.069l-22.719 22.536c-4.705 4.667-4.736 12.265-.068 16.971l90.781 91.516c4.667 4.705 12.265 4.736 16.97.068l172.589-171.204c4.704-4.668 4.734-12.266.067-16.971z\"><\/path><\/svg><\/span><span class=\"gb-headline-text\">Jugar con la pelota<\/span><\/p>\n\n\n\n<p class=\"gb-headline gb-headline-f7dd4435\"><span class=\"gb-icon\"><svg aria-hidden=\"true\" height=\"1em\" width=\"1em\" viewBox=\"0 0 512 512\" xmlns=\"http:\/\/www.w3.org\/2000\/svg\"><path fill=\"currentColor\" d=\"M256 8C119.033 8 8 119.033 8 256s111.033 248 248 248 248-111.033 248-248S392.967 8 256 8zm0 48c110.532 0 200 89.451 200 200 0 110.532-89.451 200-200 200-110.532 0-200-89.451-200-200 0-110.532 89.451-200 200-200m140.204 130.267l-22.536-22.718c-4.667-4.705-12.265-4.736-16.97-.068L215.346 303.697l-59.792-60.277c-4.667-4.705-12.265-4.736-16.97-.069l-22.719 22.536c-4.705 4.667-4.736 12.265-.068 16.971l90.781 91.516c4.667 4.705 12.265 4.736 16.97.068l172.589-171.204c4.704-4.668 4.734-12.266.067-16.971z\"><\/path><\/svg><\/span><span class=\"gb-headline-text\">Juegos de olfato<\/span><\/p>\n\n\n\n<p class=\"gb-headline gb-headline-c1a3abe8\"><span class=\"gb-icon\"><svg aria-hidden=\"true\" height=\"1em\" width=\"1em\" viewBox=\"0 0 512 512\" xmlns=\"http:\/\/www.w3.org\/2000\/svg\"><path fill=\"currentColor\" d=\"M256 8C119.033 8 8 119.033 8 256s111.033 248 248 248 248-111.033 248-248S392.967 8 256 8zm0 48c110.532 0 200 89.451 200 200 0 110.532-89.451 200-200 200-110.532 0-200-89.451-200-200 0-110.532 89.451-200 200-200m140.204 130.267l-22.536-22.718c-4.667-4.705-12.265-4.736-16.97-.068L215.346 303.697l-59.792-60.277c-4.667-4.705-12.265-4.736-16.97-.069l-22.719 22.536c-4.705 4.667-4.736 12.265-.068 16.971l90.781 91.516c4.667 4.705 12.265 4.736 16.97.068l172.589-171.204c4.704-4.668 4.734-12.266.067-16.971z\"><\/path><\/svg><\/span><span class=\"gb-headline-text\">Ba\u00f1os<\/span><\/p>\n\n<\/div><\/div><\/div>\n<\/div>\n<\/div><div class=\"gb-shapes\"><div class=\"gb-shape gb-shape-1\"><svg xmlns=\"http:\/\/www.w3.org\/2000\/svg\" viewBox=\"0 0 1200 218\" preserveAspectRatio=\"none\"><path d=\"M0 218h1200v-31.3l-40 4.4c-40 4.8-120 13.1-200 0-80-13.6-160-48.6-240-66.7-80-17.8-160-17.8-240-8.8-80 8.6-160 26.9-240 8.8-80-17.7-160-71.1-200-97.7L0 0v218z\"\/><\/svg><\/div><div class=\"gb-shape gb-shape-2\"><svg xmlns=\"http:\/\/www.w3.org\/2000\/svg\" viewBox=\"0 0 1200 218\" preserveAspectRatio=\"none\"><path d=\"M0 218h1200v-31.3l-40 4.4c-40 4.8-120 13.1-200 0-80-13.6-160-48.6-240-66.7-80-17.8-160-17.8-240-8.8-80 8.6-160 26.9-240 8.8-80-17.7-160-71.1-200-97.7L0 0v218z\"\/><\/svg><\/div><\/div><\/div>\n\n<div class=\"gb-container gb-container-31e7ed46\"><div class=\"gb-inside-container\">\n\n<h2 class=\"gb-headline gb-headline-1a40b777 gb-headline-text\">Si tu tiempo no te permite venir a vernos, puedes hacernos un donativo<\/h2>\n\n\n<div class=\"gb-button-wrapper gb-button-wrapper-1eefbc87\">\n\n<a class=\"gb-button gb-button-b7365c61 gb-button-text\" href=\"https:\/\/www.protectoraelrefugio.es\/index.php\/donativos\/\">Hacer Donativo<\/a>\n\n<\/div>\n<\/div><\/div>","protected":false},"excerpt":{"rendered":"<p>\u00bfQuieres ayudarnos? Si tu tiempo no te permite venir a vernos, puedes hacernos un donativo<\/p>\n","protected":false},"author":1,"featured_media":0,"parent":0,"menu_order":0,"comment_status":"closed","ping_status":"closed","template":"","meta":{"footnotes":""},"class_list":["post-3577","page","type-page","status-publish"],"_links":{"self":[{"href":"https:\/\/www.protectoraelrefugio.es\/index.php\/wp-json\/wp\/v2\/pages\/3577","targetHints":{"allow":["GET"]}}],"collection":[{"href":"https:\/\/www.protectoraelrefugio.es\/index.php\/wp-json\/wp\/v2\/pages"}],"about":[{"href":"https:\/\/www.protectoraelrefugio.es\/index.php\/wp-json\/wp\/v2\/types\/page"}],"author":[{"embeddable":true,"href":"https:\/\/www.protectoraelrefugio.es\/index.php\/wp-json\/wp\/v2\/users\/1"}],"replies":[{"embeddable":true,"href":"https:\/\/www.protectoraelrefugio.es\/index.php\/wp-json\/wp\/v2\/comments?post=3577"}],"version-history":[{"count":25,"href":"https:\/\/www.protectoraelrefugio.es\/index.php\/wp-json\/wp\/v2\/pages\/3577\/revisions"}],"predecessor-version":[{"id":4857,"href":"https:\/\/www.protectoraelrefugio.es\/index.php\/wp-json\/wp\/v2\/pages\/3577\/revisions\/4857"}],"wp:attachment":[{"href":"https:\/\/www.protectoraelrefugio.es\/index.php\/wp-json\/wp\/v2\/media?parent=3577"}],"curies":[{"name":"wp","href":"https:\/\/api.w.org\/{rel}","templated":true}]}}