{"id":3583,"date":"2020-12-07T18:06:07","date_gmt":"2020-12-07T18:06:07","guid":{"rendered":"https:\/\/gpsites.co\/donate\/?page_id=3583"},"modified":"2021-11-15T18:22:01","modified_gmt":"2021-11-15T18:22:01","slug":"contacto","status":"publish","type":"page","link":"https:\/\/www.protectoraelrefugio.es\/index.php\/contacto\/","title":{"rendered":"Contacto"},"content":{"rendered":"<div class=\"gb-container gb-container-f39eb787\"><div class=\"gb-inside-container\">\n\n<h1 class=\"gb-headline gb-headline-f34c66bc gb-headline-text gb-headline-d714c26f gb-headline-f55e21fc\">cont\u00e1ctanos<\/h1>\n\n\n\n<h2 class=\"gb-headline gb-headline-8a5dd2f7 gb-headline-d714c26f gb-headline-f55e21fc\"><span class=\"gb-icon\"><svg xmlns=\"http:\/\/www.w3.org\/2000\/svg\" viewBox=\"0 0 23.896 21.232\"><path d=\"M11.948 21.232c-.398 0-.779-.158-1.061-.439l-8.84-8.84a7.01 7.01 0 010-9.902c2.729-2.729 7.17-2.729 9.9-.001l.025-.024A6.956 6.956 0 0116.898 0h.001c1.87 0 3.628.729 4.949 2.051l.002.002a7.008 7.008 0 01-.002 9.9l-8.84 8.84a1.499 1.499 0 01-1.06.439zm-4.95-18.23a3.99 3.99 0 00-2.829 1.17 4.006 4.006 0 000 5.659l7.779 7.78 7.779-7.78A3.978 3.978 0 0020.9 7.002a3.978 3.978 0 00-1.171-2.829l-.002-.002A3.98 3.98 0 0016.899 3h-.001a3.976 3.976 0 00-2.828 1.171l-.014.013-1.048 1.048c-.562.562-1.559.562-2.121 0l-1.06-1.06a3.992 3.992 0 00-2.829-1.17z\"><\/path><\/svg><\/span><span class=\"gb-headline-text\"><strong>Ll\u00e1manos o manda un correo<\/strong><\/span><\/h2>\n\n<\/div><\/div>\n\n<div class=\"gb-container gb-container-b097da39\"><div class=\"gb-inside-container\">\n<div class=\"gb-grid-wrapper gb-grid-wrapper-0a63ce32\">\n<div class=\"gb-grid-column gb-grid-column-74988f7a\"><div class=\"gb-container gb-container-74988f7a\"><div class=\"gb-inside-container\">\n\n<h2 class=\"gb-headline gb-headline-d0687df6 gb-headline-text\">Para cualquier consulta\u2026<\/h2>\n\n\n\n<p>Llama a nuestro tel\u00e9fono cuando quieras. Recuerda que somos voluntari@s y puede que no podamos contestar en el momento de tu llamada, pero siempre devolvemos la llamada, aunque hayan pasado unos d\u00edas. Tambi\u00e9n puedes mandarnos un correo electr\u00f3nico.<\/p>\n\n\n\n<p class=\"gb-headline gb-headline-91baf631\"><span class=\"gb-icon\"><svg aria-hidden=\"true\" height=\"1em\" width=\"1em\" viewBox=\"0 0 512 512\" xmlns=\"http:\/\/www.w3.org\/2000\/svg\"><path fill=\"currentColor\" d=\"M493.4 24.6l-104-24c-11.3-2.6-22.9 3.3-27.5 13.9l-48 112c-4.2 9.8-1.4 21.3 6.9 28l60.6 49.6c-36 76.7-98.9 140.5-177.2 177.2l-49.6-60.6c-6.8-8.3-18.2-11.1-28-6.9l-112 48C3.9 366.5-2 378.1.6 389.4l24 104C27.1 504.2 36.7 512 48 512c256.1 0 464-207.5 464-464 0-11.2-7.7-20.9-18.6-23.4z\"><\/path><\/svg><\/span><span class=\"gb-headline-text\">648 08 26 08<\/span><\/p>\n\n\n\n<p class=\"gb-headline gb-headline-a82def16\"><span class=\"gb-icon\"><svg aria-hidden=\"true\" height=\"1em\" width=\"1em\" viewBox=\"0 0 512 512\" xmlns=\"http:\/\/www.w3.org\/2000\/svg\"><path fill=\"currentColor\" d=\"M464 64H48C21.49 64 0 85.49 0 112v288c0 26.51 21.49 48 48 48h416c26.51 0 48-21.49 48-48V112c0-26.51-21.49-48-48-48zm0 48v40.805c-22.422 18.259-58.168 46.651-134.587 106.49-16.841 13.247-50.201 45.072-73.413 44.701-23.208.375-56.579-31.459-73.413-44.701C106.18 199.465 70.425 171.067 48 152.805V112h416zM48 400V214.398c22.914 18.251 55.409 43.862 104.938 82.646 21.857 17.205 60.134 55.186 103.062 54.955 42.717.231 80.509-37.199 103.053-54.947 49.528-38.783 82.032-64.401 104.947-82.653V400H48z\"><\/path><\/svg><\/span><span class=\"gb-headline-text\">info@protectoraelrefugio.es<\/span><\/p>\n\n<\/div><\/div><\/div>\n\n<div class=\"gb-grid-column gb-grid-column-5aa30eb6\"><div class=\"gb-container gb-container-5aa30eb6\"><div class=\"gb-inside-container\">\n\n<figure class=\"wp-block-gallery columns-1 is-cropped wp-block-gallery-1 is-layout-flex wp-block-gallery-is-layout-flex\"><ul class=\"blocks-gallery-grid\"><li class=\"blocks-gallery-item\"><figure><img loading=\"lazy\" decoding=\"async\" width=\"1024\" height=\"704\" src=\"https:\/\/www.protectoraelrefugio.es\/wp-content\/uploads\/2021\/11\/Contacto-1024x704.jpg\" alt=\"\" data-id=\"4629\" data-full-url=\"https:\/\/www.protectoraelrefugio.es\/wp-content\/uploads\/2021\/11\/Contacto.jpg\" data-link=\"https:\/\/www.protectoraelrefugio.es\/index.php\/contact\/contacto\/#main\" class=\"wp-image-4629\" srcset=\"https:\/\/www.protectoraelrefugio.es\/wp-content\/uploads\/2021\/11\/Contacto-1024x704.jpg 1024w, https:\/\/www.protectoraelrefugio.es\/wp-content\/uploads\/2021\/11\/Contacto-300x206.jpg 300w, https:\/\/www.protectoraelrefugio.es\/wp-content\/uploads\/2021\/11\/Contacto-768x528.jpg 768w, https:\/\/www.protectoraelrefugio.es\/wp-content\/uploads\/2021\/11\/Contacto-1536x1056.jpg 1536w, https:\/\/www.protectoraelrefugio.es\/wp-content\/uploads\/2021\/11\/Contacto.jpg 1600w\" sizes=\"auto, (max-width: 1024px) 100vw, 1024px\" \/><\/figure><\/li><\/ul><\/figure>\n\n<\/div><\/div><\/div>\n<\/div>\n\n<div class=\"gb-grid-wrapper gb-grid-wrapper-3440c932\"><\/div>\n<\/div><\/div>","protected":false},"excerpt":{"rendered":"<p>cont\u00e1ctanos Ll\u00e1manos o manda un correo<\/p>\n","protected":false},"author":1,"featured_media":0,"parent":0,"menu_order":0,"comment_status":"closed","ping_status":"closed","template":"","meta":{"footnotes":""},"class_list":["post-3583","page","type-page","status-publish"],"_links":{"self":[{"href":"https:\/\/www.protectoraelrefugio.es\/index.php\/wp-json\/wp\/v2\/pages\/3583","targetHints":{"allow":["GET"]}}],"collection":[{"href":"https:\/\/www.protectoraelrefugio.es\/index.php\/wp-json\/wp\/v2\/pages"}],"about":[{"href":"https:\/\/www.protectoraelrefugio.es\/index.php\/wp-json\/wp\/v2\/types\/page"}],"author":[{"embeddable":true,"href":"https:\/\/www.protectoraelrefugio.es\/index.php\/wp-json\/wp\/v2\/users\/1"}],"replies":[{"embeddable":true,"href":"https:\/\/www.protectoraelrefugio.es\/index.php\/wp-json\/wp\/v2\/comments?post=3583"}],"version-history":[{"count":19,"href":"https:\/\/www.protectoraelrefugio.es\/index.php\/wp-json\/wp\/v2\/pages\/3583\/revisions"}],"predecessor-version":[{"id":4761,"href":"https:\/\/www.protectoraelrefugio.es\/index.php\/wp-json\/wp\/v2\/pages\/3583\/revisions\/4761"}],"wp:attachment":[{"href":"https:\/\/www.protectoraelrefugio.es\/index.php\/wp-json\/wp\/v2\/media?parent=3583"}],"curies":[{"name":"wp","href":"https:\/\/api.w.org\/{rel}","templated":true}]}}