{"id":4716,"date":"2021-11-15T17:33:42","date_gmt":"2021-11-15T17:33:42","guid":{"rendered":"https:\/\/www.protectoraelrefugio.es\/?page_id=4716"},"modified":"2024-09-13T10:34:12","modified_gmt":"2024-09-13T10:34:12","slug":"donativos","status":"publish","type":"page","link":"https:\/\/www.protectoraelrefugio.es\/index.php\/donativos\/","title":{"rendered":"Donativos"},"content":{"rendered":"\n<h1 class=\"gb-headline gb-headline-2314b66b gb-headline-text gb-headline-f55e21fc\">donativos<\/h1>\n\n\n\n<h2 class=\"gb-headline gb-headline-d714c26f gb-headline-f55e21fc\"><span class=\"gb-icon\"><svg xmlns=\"http:\/\/www.w3.org\/2000\/svg\" viewBox=\"0 0 23.896 21.232\"><path d=\"M11.948 21.232c-.398 0-.779-.158-1.061-.439l-8.84-8.84a7.01 7.01 0 010-9.902c2.729-2.729 7.17-2.729 9.9-.001l.025-.024A6.956 6.956 0 0116.898 0h.001c1.87 0 3.628.729 4.949 2.051l.002.002a7.008 7.008 0 01-.002 9.9l-8.84 8.84a1.499 1.499 0 01-1.06.439zm-4.95-18.23a3.99 3.99 0 00-2.829 1.17 4.006 4.006 0 000 5.659l7.779 7.78 7.779-7.78A3.978 3.978 0 0020.9 7.002a3.978 3.978 0 00-1.171-2.829l-.002-.002A3.98 3.98 0 0016.899 3h-.001a3.976 3.976 0 00-2.828 1.171l-.014.013-1.048 1.048c-.562.562-1.559.562-2.121 0l-1.06-1.06a3.992 3.992 0 00-2.829-1.17z\"><\/path><\/svg><\/span><span class=\"gb-headline-text\"><strong>Otras formas de colabora<\/strong><\/span><\/h2>\n\n\n<div class=\"gb-container gb-container-8d8a39cf\"><div class=\"gb-inside-container\">\n<div class=\"gb-grid-wrapper gb-grid-wrapper-0e35b946\">\n<div class=\"gb-grid-column gb-grid-column-fab78e7d\"><div class=\"gb-container gb-container-fab78e7d\"><div class=\"gb-inside-container\">\n\n<h2 class=\"gb-headline gb-headline-2e0f032a gb-headline-text\">Teaming<\/h2>\n\n\n\n<p>Teaming es una iniciativa solidaria que naci\u00f3 en el a\u00f1o 1998 y que ayuda a los dem\u00e1s mediante microdonaciones de 1 euro. Esta plataforma se encarga una vez al mes de transferir 1 euro de tu cuenta o tarjeta de cr\u00e9dito a nuestro proyecto. Adem\u00e1s te mantendr\u00e1 informado de las transferencias a trav\u00e9s de tu correo electr\u00f3nico. <\/p>\n\n<\/div><\/div><\/div>\n\n<div class=\"gb-grid-column gb-grid-column-97ddc147\"><div class=\"gb-container gb-container-97ddc147\"><div class=\"gb-inside-container\">\n\n<figure class=\"wp-block-image size-large image-style img\"><img loading=\"lazy\" decoding=\"async\" width=\"1024\" height=\"681\" src=\"https:\/\/www.protectoraelrefugio.es\/wp-content\/uploads\/2021\/11\/Teaming-1024x681.jpg\" alt=\"\" class=\"wp-image-4727\" srcset=\"https:\/\/www.protectoraelrefugio.es\/wp-content\/uploads\/2021\/11\/Teaming-1024x681.jpg 1024w, https:\/\/www.protectoraelrefugio.es\/wp-content\/uploads\/2021\/11\/Teaming-300x199.jpg 300w, https:\/\/www.protectoraelrefugio.es\/wp-content\/uploads\/2021\/11\/Teaming-768x511.jpg 768w, https:\/\/www.protectoraelrefugio.es\/wp-content\/uploads\/2021\/11\/Teaming-1536x1021.jpg 1536w, https:\/\/www.protectoraelrefugio.es\/wp-content\/uploads\/2021\/11\/Teaming-2048x1362.jpg 2048w\" sizes=\"auto, (max-width: 1024px) 100vw, 1024px\" \/><\/figure>\n\n<\/div><\/div><\/div>\n<\/div>\n<\/div><\/div>\n\n<div class=\"gb-container gb-container-5ab7a396\"><div class=\"gb-inside-container\">\n<div class=\"gb-grid-wrapper gb-grid-wrapper-8c409e83\">\n<div class=\"gb-grid-column gb-grid-column-68b8a67a\"><div class=\"gb-container gb-container-68b8a67a\"><div class=\"gb-inside-container\">\n\n<h3 class=\"gb-headline gb-headline-48dc581d gb-headline-text\">Lista de la Compra<\/h3>\n\n\n\n<p class=\"gb-headline gb-headline-19a422a9 gb-headline-text\">Estos son los productos que solemos necesitar a diario. Si no quieres donar dinero directamente, puedes comprarnos lo que quieras y llevarlo a nuestro albergue.<\/p>\n\n\n\n<p class=\"gb-headline gb-headline-e72efd9e\"><span class=\"gb-icon\"><svg aria-hidden=\"true\" height=\"1em\" width=\"1em\" viewBox=\"0 0 512 512\" xmlns=\"http:\/\/www.w3.org\/2000\/svg\"><path fill=\"currentColor\" d=\"M256 8C119.033 8 8 119.033 8 256s111.033 248 248 248 248-111.033 248-248S392.967 8 256 8zm0 48c110.532 0 200 89.451 200 200 0 110.532-89.451 200-200 200-110.532 0-200-89.451-200-200 0-110.532 89.451-200 200-200m140.204 130.267l-22.536-22.718c-4.667-4.705-12.265-4.736-16.97-.068L215.346 303.697l-59.792-60.277c-4.667-4.705-12.265-4.736-16.97-.069l-22.719 22.536c-4.705 4.667-4.736 12.265-.068 16.971l90.781 91.516c4.667 4.705 12.265 4.736 16.97.068l172.589-171.204c4.704-4.668 4.734-12.266.067-16.971z\"><\/path><\/svg><\/span><span class=\"gb-headline-text\">Botes de comida h\u00fameda<\/span><\/p>\n\n\n\n<p class=\"gb-headline gb-headline-dc357be7\"><span class=\"gb-icon\"><svg aria-hidden=\"true\" height=\"1em\" width=\"1em\" viewBox=\"0 0 512 512\" xmlns=\"http:\/\/www.w3.org\/2000\/svg\"><path fill=\"currentColor\" d=\"M256 8C119.033 8 8 119.033 8 256s111.033 248 248 248 248-111.033 248-248S392.967 8 256 8zm0 48c110.532 0 200 89.451 200 200 0 110.532-89.451 200-200 200-110.532 0-200-89.451-200-200 0-110.532 89.451-200 200-200m140.204 130.267l-22.536-22.718c-4.667-4.705-12.265-4.736-16.97-.068L215.346 303.697l-59.792-60.277c-4.667-4.705-12.265-4.736-16.97-.069l-22.719 22.536c-4.705 4.667-4.736 12.265-.068 16.971l90.781 91.516c4.667 4.705 12.265 4.736 16.97.068l172.589-171.204c4.704-4.668 4.734-12.266.067-16.971z\"><\/path><\/svg><\/span><span class=\"gb-headline-text\">Sacos de pienso<\/span><\/p>\n\n\n\n<p class=\"gb-headline gb-headline-1186cbcb\"><span class=\"gb-icon\"><svg aria-hidden=\"true\" height=\"1em\" width=\"1em\" viewBox=\"0 0 512 512\" xmlns=\"http:\/\/www.w3.org\/2000\/svg\"><path fill=\"currentColor\" d=\"M256 8C119.033 8 8 119.033 8 256s111.033 248 248 248 248-111.033 248-248S392.967 8 256 8zm0 48c110.532 0 200 89.451 200 200 0 110.532-89.451 200-200 200-110.532 0-200-89.451-200-200 0-110.532 89.451-200 200-200m140.204 130.267l-22.536-22.718c-4.667-4.705-12.265-4.736-16.97-.068L215.346 303.697l-59.792-60.277c-4.667-4.705-12.265-4.736-16.97-.069l-22.719 22.536c-4.705 4.667-4.736 12.265-.068 16.971l90.781 91.516c4.667 4.705 12.265 4.736 16.97.068l172.589-171.204c4.704-4.668 4.734-12.266.067-16.971z\"><\/path><\/svg><\/span><span class=\"gb-headline-text\">Cepillos, recogedores y fregonas<\/span><\/p>\n\n\n\n<p class=\"gb-headline gb-headline-b4b61865\"><span class=\"gb-icon\"><svg aria-hidden=\"true\" height=\"1em\" width=\"1em\" viewBox=\"0 0 512 512\" xmlns=\"http:\/\/www.w3.org\/2000\/svg\"><path fill=\"currentColor\" d=\"M256 8C119.033 8 8 119.033 8 256s111.033 248 248 248 248-111.033 248-248S392.967 8 256 8zm0 48c110.532 0 200 89.451 200 200 0 110.532-89.451 200-200 200-110.532 0-200-89.451-200-200 0-110.532 89.451-200 200-200m140.204 130.267l-22.536-22.718c-4.667-4.705-12.265-4.736-16.97-.068L215.346 303.697l-59.792-60.277c-4.667-4.705-12.265-4.736-16.97-.069l-22.719 22.536c-4.705 4.667-4.736 12.265-.068 16.971l90.781 91.516c4.667 4.705 12.265 4.736 16.97.068l172.589-171.204c4.704-4.668 4.734-12.266.067-16.971z\"><\/path><\/svg><\/span><span class=\"gb-headline-text\">Gel con lej\u00eda<\/span><\/p>\n\n\n\n<p class=\"gb-headline gb-headline-96e23801\"><span class=\"gb-icon\"><svg aria-hidden=\"true\" height=\"1em\" width=\"1em\" viewBox=\"0 0 512 512\" xmlns=\"http:\/\/www.w3.org\/2000\/svg\"><path fill=\"currentColor\" d=\"M256 8C119.033 8 8 119.033 8 256s111.033 248 248 248 248-111.033 248-248S392.967 8 256 8zm0 48c110.532 0 200 89.451 200 200 0 110.532-89.451 200-200 200-110.532 0-200-89.451-200-200 0-110.532 89.451-200 200-200m140.204 130.267l-22.536-22.718c-4.667-4.705-12.265-4.736-16.97-.068L215.346 303.697l-59.792-60.277c-4.667-4.705-12.265-4.736-16.97-.069l-22.719 22.536c-4.705 4.667-4.736 12.265-.068 16.971l90.781 91.516c4.667 4.705 12.265 4.736 16.97.068l172.589-171.204c4.704-4.668 4.734-12.266.067-16.971z\"><\/path><\/svg><\/span><span class=\"gb-headline-text\">Bolsas de basura<\/span><\/p>\n\n\n\n<p class=\"gb-headline gb-headline-8382799d\"><span class=\"gb-icon\"><svg aria-hidden=\"true\" height=\"1em\" width=\"1em\" viewBox=\"0 0 512 512\" xmlns=\"http:\/\/www.w3.org\/2000\/svg\"><path fill=\"currentColor\" d=\"M256 8C119.033 8 8 119.033 8 256s111.033 248 248 248 248-111.033 248-248S392.967 8 256 8zm0 48c110.532 0 200 89.451 200 200 0 110.532-89.451 200-200 200-110.532 0-200-89.451-200-200 0-110.532 89.451-200 200-200m140.204 130.267l-22.536-22.718c-4.667-4.705-12.265-4.736-16.97-.068L215.346 303.697l-59.792-60.277c-4.667-4.705-12.265-4.736-16.97-.069l-22.719 22.536c-4.705 4.667-4.736 12.265-.068 16.971l90.781 91.516c4.667 4.705 12.265 4.736 16.97.068l172.589-171.204c4.704-4.668 4.734-12.266.067-16.971z\"><\/path><\/svg><\/span><span class=\"gb-headline-text\">Mantas nuevas y de segunda mano<\/span><\/p>\n\n<\/div><\/div><\/div>\n<\/div>\n<\/div><div class=\"gb-shapes\"><div class=\"gb-shape gb-shape-1\"><svg xmlns=\"http:\/\/www.w3.org\/2000\/svg\" viewBox=\"0 0 1200 218\" preserveAspectRatio=\"none\"><path d=\"M0 218h1200v-31.3l-40 4.4c-40 4.8-120 13.1-200 0-80-13.6-160-48.6-240-66.7-80-17.8-160-17.8-240-8.8-80 8.6-160 26.9-240 8.8-80-17.7-160-71.1-200-97.7L0 0v218z\"\/><\/svg><\/div><div class=\"gb-shape gb-shape-2\"><svg xmlns=\"http:\/\/www.w3.org\/2000\/svg\" viewBox=\"0 0 1200 218\" preserveAspectRatio=\"none\"><path d=\"M0 218h1200v-31.3l-40 4.4c-40 4.8-120 13.1-200 0-80-13.6-160-48.6-240-66.7-80-17.8-160-17.8-240-8.8-80 8.6-160 26.9-240 8.8-80-17.7-160-71.1-200-97.7L0 0v218z\"\/><\/svg><\/div><\/div><\/div>\n\n<div class=\"gb-container gb-container-9540d030\"><div class=\"gb-inside-container\">\n\n<h2 class=\"gb-headline gb-headline-eb2aa00d\"><span class=\"gb-icon\"><svg xmlns=\"http:\/\/www.w3.org\/2000\/svg\" viewBox=\"0 0 23.896 21.232\"><path d=\"M11.948 21.232c-.398 0-.779-.158-1.061-.439l-8.84-8.84a7.01 7.01 0 010-9.902c2.729-2.729 7.17-2.729 9.9-.001l.025-.024A6.956 6.956 0 0116.898 0h.001c1.87 0 3.628.729 4.949 2.051l.002.002a7.008 7.008 0 01-.002 9.9l-8.84 8.84a1.499 1.499 0 01-1.06.439zm-4.95-18.23a3.99 3.99 0 00-2.829 1.17 4.006 4.006 0 000 5.659l7.779 7.78 7.779-7.78A3.978 3.978 0 0020.9 7.002a3.978 3.978 0 00-1.171-2.829l-.002-.002A3.98 3.98 0 0016.899 3h-.001a3.976 3.976 0 00-2.828 1.171l-.014.013-1.048 1.048c-.562.562-1.559.562-2.121 0l-1.06-1.06a3.992 3.992 0 00-2.829-1.17z\"><\/path><\/svg><\/span><span class=\"gb-headline-text\">Otros donativos<\/span><\/h2>\n\n\n<div class=\"gb-grid-wrapper gb-grid-wrapper-fb1deca0\">\n<div class=\"gb-grid-column gb-grid-column-9042ed9c\"><div class=\"gb-container gb-container-9042ed9c\"><div class=\"gb-inside-container\">\n\n<p class=\"gb-headline gb-headline-c4e85c47 gb-headline-text\">1<\/p>\n\n\n\n<p class=\"gb-headline gb-headline-a8804ebe gb-headline-text\">Puedes realizarnos una transferencia bancaria a este n\u00famero de cuenta<\/p>\n\n\n\n<p class=\"gb-headline gb-headline-00fdb4e4 gb-headline-text\">ES84 3127 0001 49 2013637711<\/p>\n\n<\/div><\/div><\/div>\n\n<div class=\"gb-grid-column gb-grid-column-866f82c3\"><div class=\"gb-container gb-container-866f82c3\"><div class=\"gb-inside-container\">\n\n<p class=\"gb-headline gb-headline-1b5c662f gb-headline-text\">2<\/p>\n\n\n\n<p class=\"gb-headline gb-headline-808e13eb gb-headline-text\">Puedes hacerte socio pagando una cuota anual o mensual.<\/p>\n\n<\/div><\/div><\/div>\n\n<div class=\"gb-grid-column gb-grid-column-90f36c49\"><div class=\"gb-container gb-container-90f36c49\"><div class=\"gb-inside-container\">\n\n<p class=\"gb-headline gb-headline-7cd353c8 gb-headline-text\">3<\/p>\n\n\n\n<p class=\"gb-headline gb-headline-75994f68 gb-headline-text\">BIZUM<\/p>\n\n\n\n<p class=\"gb-headline gb-headline-30c066da gb-headline-text\">C\u00f3digo: 08329<\/p>\n\n\n\n<p class=\"gb-headline gb-headline-790039b5 gb-headline-text\">Campa\u00f1a: APARECI<\/p>\n\n<\/div><\/div><\/div>\n<\/div>\n<\/div><\/div>\n\n\n<p><\/p>\n","protected":false},"excerpt":{"rendered":"<p>donativos Otras formas de colabora Otros donativos<\/p>\n","protected":false},"author":1,"featured_media":0,"parent":0,"menu_order":0,"comment_status":"closed","ping_status":"closed","template":"","meta":{"footnotes":""},"class_list":["post-4716","page","type-page","status-publish"],"_links":{"self":[{"href":"https:\/\/www.protectoraelrefugio.es\/index.php\/wp-json\/wp\/v2\/pages\/4716","targetHints":{"allow":["GET"]}}],"collection":[{"href":"https:\/\/www.protectoraelrefugio.es\/index.php\/wp-json\/wp\/v2\/pages"}],"about":[{"href":"https:\/\/www.protectoraelrefugio.es\/index.php\/wp-json\/wp\/v2\/types\/page"}],"author":[{"embeddable":true,"href":"https:\/\/www.protectoraelrefugio.es\/index.php\/wp-json\/wp\/v2\/users\/1"}],"replies":[{"embeddable":true,"href":"https:\/\/www.protectoraelrefugio.es\/index.php\/wp-json\/wp\/v2\/comments?post=4716"}],"version-history":[{"count":21,"href":"https:\/\/www.protectoraelrefugio.es\/index.php\/wp-json\/wp\/v2\/pages\/4716\/revisions"}],"predecessor-version":[{"id":4838,"href":"https:\/\/www.protectoraelrefugio.es\/index.php\/wp-json\/wp\/v2\/pages\/4716\/revisions\/4838"}],"wp:attachment":[{"href":"https:\/\/www.protectoraelrefugio.es\/index.php\/wp-json\/wp\/v2\/media?parent=4716"}],"curies":[{"name":"wp","href":"https:\/\/api.w.org\/{rel}","templated":true}]}}